{"id":2548,"date":"2023-07-06T19:14:17","date_gmt":"2023-07-06T22:14:17","guid":{"rendered":"https:\/\/contrasteserigrafia.com.br\/?post_type=product&#038;p=2548"},"modified":"2024-05-28T09:54:14","modified_gmt":"2024-05-28T12:54:14","slug":"moletom-liso-personalizado","status":"publish","type":"product","link":"https:\/\/contrasteserigrafia.com.br\/index.php\/product\/moletom-liso-personalizado\/","title":{"rendered":"Moletom"},"content":{"rendered":"<p>O moletom liso personalizado \u00e9 a escolha perfeita para quem busca conforto, estilo e personalidade em uma pe\u00e7a cl\u00e1ssica do vestu\u00e1rio. Com um design clean e a possibilidade de personaliza\u00e7\u00e3o, esse moletom oferece uma combina\u00e7\u00e3o \u00fanica de conforto casual e express\u00e3o individual.<\/p>\n<p>Fabricado com tecidos de alta qualidade, o moletom liso proporciona uma sensa\u00e7\u00e3o suave e aconchegante ao vestir. Seu interior felpudo mant\u00e9m o corpo aquecido, enquanto o exterior resistente oferece durabilidade para uso di\u00e1rio. \u00c9 a pe\u00e7a perfeita para os dias mais frios ou para momentos de descontra\u00e7\u00e3o.<\/p>\n<p>A caracter\u00edstica distintiva do moletom liso \u00e9 a sua simplicidade e versatilidade. Sem capuz, esse modelo oferece um visual mais clean e elegante, sendo ideal para diversas ocasi\u00f5es. Sua modelagem cl\u00e1ssica proporciona um caimento confort\u00e1vel e casual, permitindo que voc\u00ea crie looks descontra\u00eddos, esportivos ou at\u00e9 mesmo mais arrumados.<\/p>\n<p>Com a personaliza\u00e7\u00e3o, voc\u00ea pode adicionar seu logotipo, design exclusivo, frase inspiradora ou qualquer outro elemento gr\u00e1fico que reflita sua personalidade e estilo. Essa possibilidade de customiza\u00e7\u00e3o torna o moletom liso personalizado uma \u00f3tima op\u00e7\u00e3o para promover sua marca, equipe, evento ou como um presente especial e \u00fanico.<\/p>\n","protected":false},"excerpt":{"rendered":"<p><span style=\"font-weight: 400;\"><strong>Material:<\/strong> Apeluciado 50% algod\u00e3o \/ 50% Poliester<\/span><\/p>\n","protected":false},"featured_media":2822,"template":"","meta":{"site-sidebar-layout":"default","site-content-layout":"default","ast-site-content-layout":"default","site-content-style":"default","site-sidebar-style":"default","ast-global-header-display":"","ast-banner-title-visibility":"","ast-main-header-display":"","ast-hfb-above-header-display":"","ast-hfb-below-header-display":"","ast-hfb-mobile-header-display":"","site-post-title":"","ast-breadcrumbs-content":"","ast-featured-img":"","footer-sml-layout":"","theme-transparent-header-meta":"default","adv-header-id-meta":"","stick-header-meta":"","header-above-stick-meta":"","header-main-stick-meta":"","header-below-stick-meta":"","astra-migrate-meta-layouts":"set","ast-page-background-enabled":"default","ast-page-background-meta":{"desktop":{"background-color":"","background-image":"","background-repeat":"repeat","background-position":"center center","background-size":"auto","background-attachment":"scroll","background-type":"","background-media":"","overlay-type":"","overlay-color":"","overlay-gradient":""},"tablet":{"background-color":"","background-image":"","background-repeat":"repeat","background-position":"center center","background-size":"auto","background-attachment":"scroll","background-type":"","background-media":"","overlay-type":"","overlay-color":"","overlay-gradient":""},"mobile":{"background-color":"","background-image":"","background-repeat":"repeat","background-position":"center center","background-size":"auto","background-attachment":"scroll","background-type":"","background-media":"","overlay-type":"","overlay-color":"","overlay-gradient":""}},"ast-content-background-meta":{"desktop":{"background-color":"var(--ast-global-color-5)","background-image":"","background-repeat":"repeat","background-position":"center center","background-size":"auto","background-attachment":"scroll","background-type":"","background-media":"","overlay-type":"","overlay-color":"","overlay-gradient":""},"tablet":{"background-color":"var(--ast-global-color-5)","background-image":"","background-repeat":"repeat","background-position":"center center","background-size":"auto","background-attachment":"scroll","background-type":"","background-media":"","overlay-type":"","overlay-color":"","overlay-gradient":""},"mobile":{"background-color":"var(--ast-global-color-5)","background-image":"","background-repeat":"repeat","background-position":"center center","background-size":"auto","background-attachment":"scroll","background-type":"","background-media":"","overlay-type":"","overlay-color":"","overlay-gradient":""}}},"product_cat":[36],"product_tag":[],"class_list":{"0":"post-2548","1":"product","2":"type-product","3":"status-publish","4":"has-post-thumbnail","6":"product_cat-rouparia","7":"desktop-align-center","8":"tablet-align-center","9":"mobile-align-center","11":"first","12":"instock","13":"shipping-taxable","14":"purchasable","15":"product-type-simple"},"tiered_pricing_type":"fixed","tiered_pricing_fixed_rules":[],"_links":{"self":[{"href":"https:\/\/contrasteserigrafia.com.br\/index.php\/wp-json\/wp\/v2\/product\/2548","targetHints":{"allow":["GET"]}}],"collection":[{"href":"https:\/\/contrasteserigrafia.com.br\/index.php\/wp-json\/wp\/v2\/product"}],"about":[{"href":"https:\/\/contrasteserigrafia.com.br\/index.php\/wp-json\/wp\/v2\/types\/product"}],"wp:featuredmedia":[{"embeddable":true,"href":"https:\/\/contrasteserigrafia.com.br\/index.php\/wp-json\/wp\/v2\/media\/2822"}],"wp:attachment":[{"href":"https:\/\/contrasteserigrafia.com.br\/index.php\/wp-json\/wp\/v2\/media?parent=2548"}],"wp:term":[{"taxonomy":"product_cat","embeddable":true,"href":"https:\/\/contrasteserigrafia.com.br\/index.php\/wp-json\/wp\/v2\/product_cat?post=2548"},{"taxonomy":"product_tag","embeddable":true,"href":"https:\/\/contrasteserigrafia.com.br\/index.php\/wp-json\/wp\/v2\/product_tag?post=2548"}],"curies":[{"name":"wp","href":"https:\/\/api.w.org\/{rel}","templated":true}]}}